{"id":81,"date":"2022-10-16T14:07:42","date_gmt":"2022-10-16T14:07:42","guid":{"rendered":"https:\/\/aikidocanejan.fr\/?page_id=81"},"modified":"2026-02-11T21:51:50","modified_gmt":"2026-02-11T21:51:50","slug":"bibliotheque-articles","status":"publish","type":"page","link":"https:\/\/aikidocanejan.fr\/?page_id=81","title":{"rendered":"BIBLIOTHEQUE, ARTICLES &amp; TANKAS"},"content":{"rendered":"\n<p><a href=\"#biblio\">Biblioth\u00e8que<\/a> \/ <a href=\"#articles\">Articles<\/a> \/ <a href=\"#tankas\" data-type=\"internal\" data-id=\"#tankas\">Tankas<\/a><\/p>\n\n\n\n<h2 class=\"wp-block-heading has-large-font-size\" id=\"biblio\">LA BIBLIOTH\u00c8QUE<\/h2>\n\n\n\n<p>La biblioth\u00e8que est accessible \u00e0 tous les pratiquants sur simple demande aux membres du bureau et enseignants. Vous y trouverez des livres sur l&rsquo;aikido, les budo, la culture japonaise, &#8230;<\/p>\n\n\n\n<h2 class=\"wp-block-heading has-large-font-size\" id=\"articles\">LES ARTICLES<\/h2>\n\n\n\n<p>Quelques articles publi\u00e9s dans le Magazine de la commune de Can\u00e9jan.<br>Ils sont g\u00e9n\u00e9ralement le fruit d&rsquo;une \u00e9criture collective conduite par la plume experte de Pascal SARPOULET.<\/p>\n\n\n\n<figure class=\"wp-block-embed is-type-wp-embed is-provider-aikido-can-jan wp-block-embed-aikido-can-jan\"><div class=\"wp-block-embed__wrapper\">\n<blockquote class=\"wp-embedded-content\" data-secret=\"HMPSLZ68KH\"><a href=\"https:\/\/aikidocanejan.fr\/?p=1083\">Une nouveaut\u00e9 au dojo de Can\u00e9jan : l\u2019a\u00efkido et les enfants<\/a><\/blockquote><iframe class=\"wp-embedded-content\" sandbox=\"allow-scripts\" security=\"restricted\" style=\"position: absolute; visibility: hidden;\" title=\"\u00ab\u00a0Une nouveaut\u00e9 au dojo de Can\u00e9jan : l\u2019a\u00efkido et les enfants\u00a0\u00bb &#8212; AIKIDO Can\u00e9jan\" src=\"https:\/\/aikidocanejan.fr\/?p=1083&#038;embed=true#?secret=1w9t9O5qGU#?secret=HMPSLZ68KH\" data-secret=\"HMPSLZ68KH\" width=\"600\" height=\"338\" frameborder=\"0\" marginwidth=\"0\" marginheight=\"0\" scrolling=\"no\"><\/iframe>\n<\/div><\/figure>\n\n\n\n<figure class=\"wp-block-embed is-type-wp-embed is-provider-aikido-can-jan wp-block-embed-aikido-can-jan\"><div class=\"wp-block-embed__wrapper\">\n<blockquote class=\"wp-embedded-content\" data-secret=\"yKzY4AwhKX\"><a href=\"https:\/\/aikidocanejan.fr\/?p=978\">Le dernier samoura\u00ef\u2026<\/a><\/blockquote><iframe class=\"wp-embedded-content\" sandbox=\"allow-scripts\" security=\"restricted\" style=\"position: absolute; visibility: hidden;\" title=\"\u00ab\u00a0Le dernier samoura\u00ef\u2026\u00a0\u00bb &#8212; AIKIDO Can\u00e9jan\" src=\"https:\/\/aikidocanejan.fr\/?p=978&#038;embed=true#?secret=kNM8u3ZYr7#?secret=yKzY4AwhKX\" data-secret=\"yKzY4AwhKX\" width=\"600\" height=\"338\" frameborder=\"0\" marginwidth=\"0\" marginheight=\"0\" scrolling=\"no\"><\/iframe>\n<\/div><\/figure>\n\n\n\n<figure class=\"wp-block-embed is-type-wp-embed is-provider-aikido-can-jan wp-block-embed-aikido-can-jan\"><div class=\"wp-block-embed__wrapper\">\n<blockquote class=\"wp-embedded-content\" data-secret=\"LEJNTgmvUS\"><a href=\"https:\/\/aikidocanejan.fr\/?p=973\">Le rel\u00e2chement<\/a><\/blockquote><iframe class=\"wp-embedded-content\" sandbox=\"allow-scripts\" security=\"restricted\" style=\"position: absolute; visibility: hidden;\" title=\"\u00ab\u00a0Le rel\u00e2chement\u00a0\u00bb &#8212; AIKIDO Can\u00e9jan\" src=\"https:\/\/aikidocanejan.fr\/?p=973&#038;embed=true#?secret=5BsJv4ZdPQ#?secret=LEJNTgmvUS\" data-secret=\"LEJNTgmvUS\" width=\"600\" height=\"338\" frameborder=\"0\" marginwidth=\"0\" marginheight=\"0\" scrolling=\"no\"><\/iframe>\n<\/div><\/figure>\n\n\n\n<figure class=\"wp-block-embed is-type-wp-embed is-provider-aikido-can-jan wp-block-embed-aikido-can-jan\"><div class=\"wp-block-embed__wrapper\">\n<blockquote class=\"wp-embedded-content\" data-secret=\"7Com9SuIuE\"><a href=\"https:\/\/aikidocanejan.fr\/?p=924\">L\u2019a\u00efkido, p\u00e9dagogie de la confiance<\/a><\/blockquote><iframe class=\"wp-embedded-content\" sandbox=\"allow-scripts\" security=\"restricted\" style=\"position: absolute; visibility: hidden;\" title=\"\u00ab\u00a0L\u2019a\u00efkido, p\u00e9dagogie de la confiance\u00a0\u00bb &#8212; AIKIDO Can\u00e9jan\" src=\"https:\/\/aikidocanejan.fr\/?p=924&#038;embed=true#?secret=xxXIsFZsJN#?secret=7Com9SuIuE\" data-secret=\"7Com9SuIuE\" width=\"600\" height=\"338\" frameborder=\"0\" marginwidth=\"0\" marginheight=\"0\" scrolling=\"no\"><\/iframe>\n<\/div><\/figure>\n\n\n\n<figure class=\"wp-block-embed is-type-wp-embed is-provider-aikido-can-jan wp-block-embed-aikido-can-jan\"><div class=\"wp-block-embed__wrapper\">\n<blockquote class=\"wp-embedded-content\" data-secret=\"Gjj4Fx069f\"><a href=\"https:\/\/aikidocanejan.fr\/?p=841\">L\u2019efficacit\u00e9 de l\u2019a\u00efkido : la puissance de la paix<\/a><\/blockquote><iframe class=\"wp-embedded-content\" sandbox=\"allow-scripts\" security=\"restricted\" style=\"position: absolute; visibility: hidden;\" title=\"\u00ab\u00a0L\u2019efficacit\u00e9 de l\u2019a\u00efkido : la puissance de la paix\u00a0\u00bb &#8212; AIKIDO Can\u00e9jan\" src=\"https:\/\/aikidocanejan.fr\/?p=841&#038;embed=true#?secret=GQeEYtcMg5#?secret=Gjj4Fx069f\" data-secret=\"Gjj4Fx069f\" width=\"600\" height=\"338\" frameborder=\"0\" marginwidth=\"0\" marginheight=\"0\" scrolling=\"no\"><\/iframe>\n<\/div><\/figure>\n\n\n\n<figure class=\"wp-block-embed is-type-wp-embed is-provider-aikido-can-jan wp-block-embed-aikido-can-jan\"><div class=\"wp-block-embed__wrapper\">\n<blockquote class=\"wp-embedded-content\" data-secret=\"csZ3JpWjmA\"><a href=\"https:\/\/aikidocanejan.fr\/?p=827\">A\u00efkido, d\u00e9butants et anciens<\/a><\/blockquote><iframe class=\"wp-embedded-content\" sandbox=\"allow-scripts\" security=\"restricted\" style=\"position: absolute; visibility: hidden;\" title=\"\u00ab\u00a0A\u00efkido, d\u00e9butants et anciens\u00a0\u00bb &#8212; AIKIDO Can\u00e9jan\" src=\"https:\/\/aikidocanejan.fr\/?p=827&#038;embed=true#?secret=Me2fQ5phlD#?secret=csZ3JpWjmA\" data-secret=\"csZ3JpWjmA\" width=\"600\" height=\"338\" frameborder=\"0\" marginwidth=\"0\" marginheight=\"0\" scrolling=\"no\"><\/iframe>\n<\/div><\/figure>\n\n\n\n<figure class=\"wp-block-embed is-type-wp-embed is-provider-aikido-can-jan wp-block-embed-aikido-can-jan\"><div class=\"wp-block-embed__wrapper\">\n<blockquote class=\"wp-embedded-content\" data-secret=\"xwOlSFkNGw\"><a href=\"https:\/\/aikidocanejan.fr\/?p=848\">Le hakama<\/a><\/blockquote><iframe class=\"wp-embedded-content\" sandbox=\"allow-scripts\" security=\"restricted\" style=\"position: absolute; visibility: hidden;\" title=\"\u00ab\u00a0Le hakama\u00a0\u00bb &#8212; AIKIDO Can\u00e9jan\" src=\"https:\/\/aikidocanejan.fr\/?p=848&#038;embed=true#?secret=zKWONAS2Of#?secret=xwOlSFkNGw\" data-secret=\"xwOlSFkNGw\" width=\"600\" height=\"338\" frameborder=\"0\" marginwidth=\"0\" marginheight=\"0\" scrolling=\"no\"><\/iframe>\n<\/div><\/figure>\n\n\n\n<figure class=\"wp-block-embed is-type-wp-embed is-provider-aikido-can-jan wp-block-embed-aikido-can-jan\"><div class=\"wp-block-embed__wrapper\">\n<blockquote class=\"wp-embedded-content\" data-secret=\"jGd1q858tf\"><a href=\"https:\/\/aikidocanejan.fr\/?p=872\">Le temps, la distance et l\u2019intuition\u2026<\/a><\/blockquote><iframe class=\"wp-embedded-content\" sandbox=\"allow-scripts\" security=\"restricted\" style=\"position: absolute; visibility: hidden;\" title=\"\u00ab\u00a0Le temps, la distance et l\u2019intuition\u2026\u00a0\u00bb &#8212; AIKIDO Can\u00e9jan\" src=\"https:\/\/aikidocanejan.fr\/?p=872&#038;embed=true#?secret=qyVo5ZMjBd#?secret=jGd1q858tf\" data-secret=\"jGd1q858tf\" width=\"600\" height=\"338\" frameborder=\"0\" marginwidth=\"0\" marginheight=\"0\" scrolling=\"no\"><\/iframe>\n<\/div><\/figure>\n\n\n\n<figure class=\"wp-block-embed is-type-wp-embed is-provider-aikido-can-jan wp-block-embed-aikido-can-jan\"><div class=\"wp-block-embed__wrapper\">\n<blockquote class=\"wp-embedded-content\" data-secret=\"ZO6L6Z6MV5\"><a href=\"https:\/\/aikidocanejan.fr\/?p=647\">Notre dojo&#8230;<\/a><\/blockquote><iframe class=\"wp-embedded-content\" sandbox=\"allow-scripts\" security=\"restricted\" style=\"position: absolute; visibility: hidden;\" title=\"\u00ab\u00a0Notre dojo&#8230;\u00a0\u00bb &#8212; AIKIDO Can\u00e9jan\" src=\"https:\/\/aikidocanejan.fr\/?p=647&#038;embed=true#?secret=i0LJuDrXb2#?secret=ZO6L6Z6MV5\" data-secret=\"ZO6L6Z6MV5\" width=\"600\" height=\"338\" frameborder=\"0\" marginwidth=\"0\" marginheight=\"0\" scrolling=\"no\"><\/iframe>\n<\/div><\/figure>\n\n\n\n<figure class=\"wp-block-embed is-type-wp-embed is-provider-aikido-can-jan wp-block-embed-aikido-can-jan\"><div class=\"wp-block-embed__wrapper\">\n<blockquote class=\"wp-embedded-content\" data-secret=\"KSlQV4itHO\"><a href=\"https:\/\/aikidocanejan.fr\/?p=855\">Faits divers \u00e0 Can\u00e9jan<\/a><\/blockquote><iframe class=\"wp-embedded-content\" sandbox=\"allow-scripts\" security=\"restricted\" style=\"position: absolute; visibility: hidden;\" title=\"\u00ab\u00a0Faits divers \u00e0 Can\u00e9jan\u00a0\u00bb &#8212; AIKIDO Can\u00e9jan\" src=\"https:\/\/aikidocanejan.fr\/?p=855&#038;embed=true#?secret=8ygpL5Jmx6#?secret=KSlQV4itHO\" data-secret=\"KSlQV4itHO\" width=\"600\" height=\"338\" frameborder=\"0\" marginwidth=\"0\" marginheight=\"0\" scrolling=\"no\"><\/iframe>\n<\/div><\/figure>\n\n\n\n<figure class=\"wp-block-embed is-type-wp-embed is-provider-aikido-can-jan wp-block-embed-aikido-can-jan\"><div class=\"wp-block-embed__wrapper\">\n<blockquote class=\"wp-embedded-content\" data-secret=\"iDKJyP0TbS\"><a href=\"https:\/\/aikidocanejan.fr\/?p=863\">Les deux sabres de l\u2019a\u00efkido<\/a><\/blockquote><iframe class=\"wp-embedded-content\" sandbox=\"allow-scripts\" security=\"restricted\" style=\"position: absolute; visibility: hidden;\" title=\"\u00ab\u00a0Les deux sabres de l\u2019a\u00efkido\u00a0\u00bb &#8212; AIKIDO Can\u00e9jan\" src=\"https:\/\/aikidocanejan.fr\/?p=863&#038;embed=true#?secret=dgrPhY3fl7#?secret=iDKJyP0TbS\" data-secret=\"iDKJyP0TbS\" width=\"600\" height=\"338\" frameborder=\"0\" marginwidth=\"0\" marginheight=\"0\" scrolling=\"no\"><\/iframe>\n<\/div><\/figure>\n\n\n\n<figure class=\"wp-block-embed is-type-wp-embed is-provider-aikido-can-jan wp-block-embed-aikido-can-jan\"><div class=\"wp-block-embed__wrapper\">\n<blockquote class=\"wp-embedded-content\" data-secret=\"drVvNHfVI6\"><a href=\"https:\/\/aikidocanejan.fr\/?p=859\">Le tanto, couteau de l\u2019a\u00efkido<\/a><\/blockquote><iframe class=\"wp-embedded-content\" sandbox=\"allow-scripts\" security=\"restricted\" style=\"position: absolute; visibility: hidden;\" title=\"\u00ab\u00a0Le tanto, couteau de l\u2019a\u00efkido\u00a0\u00bb &#8212; AIKIDO Can\u00e9jan\" src=\"https:\/\/aikidocanejan.fr\/?p=859&#038;embed=true#?secret=RCg1AdTn8r#?secret=drVvNHfVI6\" data-secret=\"drVvNHfVI6\" width=\"600\" height=\"338\" frameborder=\"0\" marginwidth=\"0\" marginheight=\"0\" scrolling=\"no\"><\/iframe>\n<\/div><\/figure>\n\n\n\n<figure class=\"wp-block-embed is-type-wp-embed is-provider-aikido-can-jan wp-block-embed-aikido-can-jan\"><div class=\"wp-block-embed__wrapper\">\n<blockquote class=\"wp-embedded-content\" data-secret=\"SuPFKaaQeb\"><a href=\"https:\/\/aikidocanejan.fr\/?p=869\">Le b\u00e2ton de l\u2019a\u00efkido<\/a><\/blockquote><iframe class=\"wp-embedded-content\" sandbox=\"allow-scripts\" security=\"restricted\" style=\"position: absolute; visibility: hidden;\" title=\"\u00ab\u00a0Le b\u00e2ton de l\u2019a\u00efkido\u00a0\u00bb &#8212; AIKIDO Can\u00e9jan\" src=\"https:\/\/aikidocanejan.fr\/?p=869&#038;embed=true#?secret=3hNZOW0PjE#?secret=SuPFKaaQeb\" data-secret=\"SuPFKaaQeb\" width=\"600\" height=\"338\" frameborder=\"0\" marginwidth=\"0\" marginheight=\"0\" scrolling=\"no\"><\/iframe>\n<\/div><\/figure>\n\n\n\n<figure class=\"wp-block-embed is-type-wp-embed is-provider-aikido-can-jan wp-block-embed-aikido-can-jan\"><div class=\"wp-block-embed__wrapper\">\n<blockquote class=\"wp-embedded-content\" data-secret=\"vyOJNbNgdm\"><a href=\"https:\/\/aikidocanejan.fr\/?p=888\">Le sabre de l\u2019a\u00efkido, une p\u00e9dagogie du geste<\/a><\/blockquote><iframe class=\"wp-embedded-content\" sandbox=\"allow-scripts\" security=\"restricted\" style=\"position: absolute; visibility: hidden;\" title=\"\u00ab\u00a0Le sabre de l\u2019a\u00efkido, une p\u00e9dagogie du geste\u00a0\u00bb &#8212; AIKIDO Can\u00e9jan\" src=\"https:\/\/aikidocanejan.fr\/?p=888&#038;embed=true#?secret=aUYXpM7sKy#?secret=vyOJNbNgdm\" data-secret=\"vyOJNbNgdm\" width=\"600\" height=\"338\" frameborder=\"0\" marginwidth=\"0\" marginheight=\"0\" scrolling=\"no\"><\/iframe>\n<\/div><\/figure>\n\n\n\n<figure class=\"wp-block-embed is-type-wp-embed is-provider-aikido-can-jan wp-block-embed-aikido-can-jan\"><div class=\"wp-block-embed__wrapper\">\n<blockquote class=\"wp-embedded-content\" data-secret=\"1lLjprtwHR\"><a href=\"https:\/\/aikidocanejan.fr\/?p=893\">Celui qui pousse la porte du dojo d\u2019a\u00efkido\u2026<\/a><\/blockquote><iframe class=\"wp-embedded-content\" sandbox=\"allow-scripts\" security=\"restricted\" style=\"position: absolute; visibility: hidden;\" title=\"\u00ab\u00a0Celui qui pousse la porte du dojo d\u2019a\u00efkido\u2026\u00a0\u00bb &#8212; AIKIDO Can\u00e9jan\" src=\"https:\/\/aikidocanejan.fr\/?p=893&#038;embed=true#?secret=88ADaR26hc#?secret=1lLjprtwHR\" data-secret=\"1lLjprtwHR\" width=\"600\" height=\"338\" frameborder=\"0\" marginwidth=\"0\" marginheight=\"0\" scrolling=\"no\"><\/iframe>\n<\/div><\/figure>\n\n\n\n<figure class=\"wp-block-embed is-type-wp-embed is-provider-aikido-can-jan wp-block-embed-aikido-can-jan\"><div class=\"wp-block-embed__wrapper\">\n<blockquote class=\"wp-embedded-content\" data-secret=\"blpvWGqAKd\"><a href=\"https:\/\/aikidocanejan.fr\/?p=898\">Interclub d&rsquo;a\u00efkido du 13 mai \u00e0 Can\u00e9jan<\/a><\/blockquote><iframe class=\"wp-embedded-content\" sandbox=\"allow-scripts\" security=\"restricted\" style=\"position: absolute; visibility: hidden;\" title=\"\u00ab\u00a0Interclub d&rsquo;a\u00efkido du 13 mai \u00e0 Can\u00e9jan\u00a0\u00bb &#8212; AIKIDO Can\u00e9jan\" src=\"https:\/\/aikidocanejan.fr\/?p=898&#038;embed=true#?secret=oS1JbSbRTT#?secret=blpvWGqAKd\" data-secret=\"blpvWGqAKd\" width=\"600\" height=\"338\" frameborder=\"0\" marginwidth=\"0\" marginheight=\"0\" scrolling=\"no\"><\/iframe>\n<\/div><\/figure>\n\n\n\n<figure class=\"wp-block-embed is-type-wp-embed is-provider-aikido-can-jan wp-block-embed-aikido-can-jan\"><div class=\"wp-block-embed__wrapper\">\n<blockquote class=\"wp-embedded-content\" data-secret=\"VWrXRslRtd\"><a href=\"https:\/\/aikidocanejan.fr\/?p=906\">19 et 20 mars 2022, pratique avec St\u00e9phane Lederf<\/a><\/blockquote><iframe class=\"wp-embedded-content\" sandbox=\"allow-scripts\" security=\"restricted\" style=\"position: absolute; visibility: hidden;\" title=\"\u00ab\u00a019 et 20 mars 2022, pratique avec St\u00e9phane Lederf\u00a0\u00bb &#8212; AIKIDO Can\u00e9jan\" src=\"https:\/\/aikidocanejan.fr\/?p=906&#038;embed=true#?secret=Ukyk6p9S35#?secret=VWrXRslRtd\" data-secret=\"VWrXRslRtd\" width=\"600\" height=\"338\" frameborder=\"0\" marginwidth=\"0\" marginheight=\"0\" scrolling=\"no\"><\/iframe>\n<\/div><\/figure>\n\n\n\n<figure class=\"wp-block-embed is-type-wp-embed is-provider-aikido-can-jan wp-block-embed-aikido-can-jan\"><div class=\"wp-block-embed__wrapper\">\n<blockquote class=\"wp-embedded-content\" data-secret=\"4DRBQG3p5q\"><a href=\"https:\/\/aikidocanejan.fr\/?p=918\">L&rsquo;a\u00efkido est un jeu d&rsquo;enfant<\/a><\/blockquote><iframe class=\"wp-embedded-content\" sandbox=\"allow-scripts\" security=\"restricted\" style=\"position: absolute; visibility: hidden;\" title=\"\u00ab\u00a0L&rsquo;a\u00efkido est un jeu d&rsquo;enfant\u00a0\u00bb &#8212; AIKIDO Can\u00e9jan\" src=\"https:\/\/aikidocanejan.fr\/?p=918&#038;embed=true#?secret=DJWlcEir75#?secret=4DRBQG3p5q\" data-secret=\"4DRBQG3p5q\" width=\"600\" height=\"338\" frameborder=\"0\" marginwidth=\"0\" marginheight=\"0\" scrolling=\"no\"><\/iframe>\n<\/div><\/figure>\n\n\n\n<figure class=\"wp-block-embed is-type-wp-embed is-provider-aikido-can-jan wp-block-embed-aikido-can-jan\"><div class=\"wp-block-embed__wrapper\">\n<blockquote class=\"wp-embedded-content\" data-secret=\"RqZDxyPCK4\"><a href=\"https:\/\/aikidocanejan.fr\/?p=821\">A\u00efkido : regarder et voir !<\/a><\/blockquote><iframe class=\"wp-embedded-content\" sandbox=\"allow-scripts\" security=\"restricted\" style=\"position: absolute; visibility: hidden;\" title=\"\u00ab\u00a0A\u00efkido : regarder et voir !\u00a0\u00bb &#8212; AIKIDO Can\u00e9jan\" src=\"https:\/\/aikidocanejan.fr\/?p=821&#038;embed=true#?secret=5JoZx3olMF#?secret=RqZDxyPCK4\" data-secret=\"RqZDxyPCK4\" width=\"600\" height=\"338\" frameborder=\"0\" marginwidth=\"0\" marginheight=\"0\" scrolling=\"no\"><\/iframe>\n<\/div><\/figure>\n\n\n\n<figure class=\"wp-block-embed is-type-wp-embed is-provider-aikido-can-jan wp-block-embed-aikido-can-jan\"><div class=\"wp-block-embed__wrapper\">\n<blockquote class=\"wp-embedded-content\" data-secret=\"X1RL9Jaom3\"><a href=\"https:\/\/aikidocanejan.fr\/?p=167\">Pourquoi la chute en A\u00efkido ?<\/a><\/blockquote><iframe class=\"wp-embedded-content\" sandbox=\"allow-scripts\" security=\"restricted\" style=\"position: absolute; visibility: hidden;\" title=\"\u00ab\u00a0Pourquoi la chute en A\u00efkido ?\u00a0\u00bb &#8212; AIKIDO Can\u00e9jan\" src=\"https:\/\/aikidocanejan.fr\/?p=167&#038;embed=true#?secret=RTR5s45MWN#?secret=X1RL9Jaom3\" data-secret=\"X1RL9Jaom3\" width=\"600\" height=\"338\" frameborder=\"0\" marginwidth=\"0\" marginheight=\"0\" scrolling=\"no\"><\/iframe>\n<\/div><\/figure>\n\n\n\n<figure class=\"wp-block-embed is-type-wp-embed is-provider-aikido-can-jan wp-block-embed-aikido-can-jan\"><div class=\"wp-block-embed__wrapper\">\n<blockquote class=\"wp-embedded-content\" data-secret=\"eitjHSizut\"><a href=\"https:\/\/aikidocanejan.fr\/?p=911\">Nous enrichir socialement et martialement, notre souhait pour 2022 !<\/a><\/blockquote><iframe class=\"wp-embedded-content\" sandbox=\"allow-scripts\" security=\"restricted\" style=\"position: absolute; visibility: hidden;\" title=\"\u00ab\u00a0Nous enrichir socialement et martialement, notre souhait pour 2022 !\u00a0\u00bb &#8212; AIKIDO Can\u00e9jan\" src=\"https:\/\/aikidocanejan.fr\/?p=911&#038;embed=true#?secret=64R76x9cev#?secret=eitjHSizut\" data-secret=\"eitjHSizut\" width=\"600\" height=\"338\" frameborder=\"0\" marginwidth=\"0\" marginheight=\"0\" scrolling=\"no\"><\/iframe>\n<\/div><\/figure>\n\n\n\n<p><\/p>\n\n\n\n<h2 class=\"wp-block-heading has-large-font-size\" id=\"tankas\">LES TANKAS<\/h2>\n\n\n\n<p>Les tankas ci-apr\u00e8s ont \u00e9t\u00e9 \u00e9crits \u00e0 partir du 1er confinement COVID19, et jusqu\u2019au milieu du printemps<br>Nous avons regroup\u00e9 certains tankas que nous avions encha\u00een\u00e9s, au gr\u00e9 des th\u00e8mes qui s\u2019\u00e9taient alors d\u00e9gag\u00e9s.<\/p>\n\n\n\n<p><strong>NEIGE<\/strong><\/p>\n\n\n\n<p>Le chat noir r\u00e9veille<br>ses humains dans la maison<br>venez venez vite<br>sur les fleurs de cerisier<br>la neige danse au printemps<\/p>\n\n\n\n<p>Devant le dojo<br>Sur les cerisiers en fleur<br>Elle tombe la neige<br>L&rsquo;hiver vient mettre en suspens<br>Tous les espoirs du printemps<\/p>\n\n\n\n<p>La fleur du murier<br>S\u2019\u00e9veille en robe de givre<br>Qu&rsquo;un soleil fait fondre<br>Masi c&rsquo;est bien moi qui frissonne<br>A cette fen\u00eatre close<\/p>\n\n\n\n<p>Sous l&rsquo;aplomb du jour<br>cette fleur te dit alors<br>au creux de l&rsquo;oreille<br>profite bien de l&rsquo;instant<br>je serai fan\u00e9e demain<\/p>\n\n\n\n<p><strong>REGRET DES SEANCES D&rsquo;ENTRAINEMENT<\/strong><\/p>\n\n\n\n<p>Ce matin de mars<br>il reste dans sa maison<br>dehors une fleur<br>ah quand retrouver le jeu<br>de nos sabres dans le soir<\/p>\n\n\n\n<p>Regard fatigu\u00e9<br>Sombre, devant son \u00e9cran,<br>Sinistres infos<br>Il r\u00eave de coton blanc<br>Chut(es) ! l&rsquo;espoir le r\u00e9veille<\/p>\n\n\n\n<p>Journ\u00e9e grise ou d&rsquo;or,<br>La lame ne fend que l&rsquo;air<br>Que sa course est vaine\u2026<br>O\u00f9 enfin trouver ce fr\u00e8re<br>Lui-m\u00eame \u00e0 qui je dois tout ?<\/p>\n\n\n\n<p><strong>PLUIE<\/strong><\/p>\n\n\n\n<p>Cette pluie d&rsquo;avril<br>Joue sa symphonie d&rsquo;automne<br>Sur la v\u00e9randa<br>Quelle musique assoupie<br>Entendez vous dans votre \u00eele<\/p>\n\n\n\n<p>Ciel offrant ton eau<br>Comme un sourire apaisant<br>Joue ton frais soupir<br>Savourant ton mouvement<br>Je m&rsquo;installe, je t&rsquo;entends<\/p>\n\n\n\n<p>Cette pluie encore<br>estompe de gris le ciel<br>les arbres noy\u00e9s<br>sur le pas de la maison<br>il regarde la journ\u00e9e<\/p>\n\n\n\n<p>Dans le soir pluvieux<br>Les grenouilles qui coassent<br>Jouent la s\u00e9r\u00e9nade<br>Avec la lune gibbeuse<br>Sur un air m\u00e9lancolique<\/p>\n\n\n\n<p>Au matin la terre<br>est encore silencieuse<br>juste deux oiseaux<br>le chat miaule pour aller<br>dormir dans la v\u00e9randa<\/p>\n\n\n\n<p>il pleut toujours plus<br>dispers\u00e9es au sol les fleurs<br>du beau lila blanc<br>qu&rsquo;il est long le temps ici<br>loin du chant des keikogi<\/p>\n\n\n\n<p>La pluie du matin<br>noie les lointains et les proches<br>\u00e0 touches gris\u00e9es<br>par la fen\u00eatre ferm\u00e9e<br>mon regard suit un oiseau<\/p>\n\n\n\n<p>l\u00e0 sous le m\u00fbrier<br>le vent est seul passager<br>de la balan\u00e7oire<br>et l&rsquo;ond\u00e9e pr\u00eate ses larmes<br>au reflet de mon regard\u200c<\/p>\n\n\n\n<p><strong>DIVERS<\/strong><\/p>\n\n\n\n<p>Le nuage passe<br>Comme une \u00e9charpe effrang\u00e9e<br>Pour masquer la lune<br>De quel virus prot\u00e9ger<br>La gardienne de nos nuits<\/p>\n\n\n\n<p>J&rsquo;ouvre les volets<br>pour pouvoir laisser le ciel<br>envahir l&rsquo;instant<br>le frais du matin me donne<br>un regret de la montagne<\/p>\n\n\n\n<p>Sur le cerisier<br>la lumi\u00e8re du matin<br>r\u00e9veille les fleurs<br>ah pr\u00eatez moi cet instant<br>en lisi\u00e8re de vos songes<\/p>\n\n\n\n<p>Port\u00e9e par le vent<br>cette fleur de pissenlit<br>murmure \u00e0 mi mots<br>toi qui me vois m&rsquo;envoler<br>o\u00f9 t&rsquo;en iras-tu demain<\/p>\n\n\n\n<p>Le cerisier blanc<br>Se met \u00e0 teindre de jaune<br>le bout de ses feuilles<br>le chat se l\u00e8che les pattes<br>roses roses sur le noir<\/p>\n\n\n\n<p>La belle illusion<br>\u00e0 c\u00f4t\u00e9 des fleurs d&rsquo;avril<br>ce th\u00e9 du matin<br>j&rsquo;ai cru voir encore l&rsquo;aube<br>frissonner d&rsquo;un fr\u00f4lement<\/p>\n\n\n\n<p>la lame de bois<br>fr\u00f4le sous le ciel d&rsquo;avril<br>le cerisier blanc<br>chaque jour je viens trouver<br>son parfum d&rsquo;\u00e9ternit\u00e9<\/p>\n\n\n\n<p>Ce jeudi matin<br>je regarde dans le ciel<br>cinq p\u00e9tales blancs<br>je songe \u00e0 ces keikogis<br>\u00e9parpill\u00e9s par le vent<\/p>\n\n\n\n<p>Malgr\u00e9 la temp\u00eate<br>il viendra des fleurs encore<br>au cerisier blanc<br>pr\u00eate-moi encore l&rsquo;aube<br>et ce sourire du vent<\/p>\n\n\n\n<p>Quelle chance alors<br>de pouvoir profiter seul<br>du cerisier blanc<br>mais votre rire me manque<br>et le blanc des keikogis<\/p>\n\n\n\n<p>Le banc vermoulu<br>contemple cette fleur blanche<br>en r\u00eavant de bleu<br>Dans le murmure du vent<br>la promesse d&rsquo;un ailleurs<\/p>\n\n\n\n<p>Vers une heure et quart<br>un rayon de soleil glisse<br>entre les nuages<br>je pense encore \u00e0 l&rsquo;\u00e9clat<br>de vos sabres au soleil<\/p>\n\n\n\n<p>sur le grand chemin<br>chaque fleur de pissenlit<br>coule ses couleurs<br>\u00e0 quoi bon dire au matin<br>que nous vivrons jusqu&rsquo;au soir<\/p>\n\n\n\n<p>enferm\u00e9 loin du<br>dojo et de mes amis<br>sabre au fourreau<br>quelle prison m&rsquo;interdit<br>de toujours polir ton \u00e2me ?<\/p>\n\n\n\n<p>Cerisier tes fleurs<br>S&rsquo;envolent avec le vent frais<br>Depuis ma fen\u00eatre<br>J&rsquo;attends qu&rsquo;arrivent tes fruits<br>Enfin je pourrai sortir<\/p>\n\n\n\n<p>Les m\u00eames espaces<br>effacent les jours, la vie<br>en copier\/coller<br>Instant, o\u00f9 te caches-tu ?<br>L\u00e0 ! dans le chant du pinson<\/p>\n\n\n\n<p>le soleil revient<br>le chat cherche d\u00e9j\u00e0 l&rsquo;ombre<br>et s&rsquo;affale. Trop dur !<br>moi je voudrais tant suer<br>dans le dojo surchauff\u00e9<\/p>\n\n\n\n<p>La lune de mai<br>d\u00e9voile la silhouette<br>d&rsquo;un colima\u00e7on<br>Sous la vo\u00fbte du m\u00fbrier<br>je savoure le silence<\/p>\n\n\n\n<p>Tout autour de nous<br>les rais du couchant allument<br>les ak\u00e8nes blancs<br>Ici nos sabres cis\u00e8lent<br>Les contours de l\u2019amiti\u00e9<\/p>\n","protected":false},"excerpt":{"rendered":"<p>Biblioth\u00e8que \/ Articles \/ Tankas LA BIBLIOTH\u00c8QUE La biblioth\u00e8que est accessible \u00e0 tous les pratiquants sur simple demande aux membres du bureau et enseignants. Vous y trouverez des livres sur l&rsquo;aikido, les budo, la culture japonaise, &#8230; LES ARTICLES Quelques &hellip;<\/p>\n","protected":false},"author":2,"featured_media":48,"parent":0,"menu_order":0,"comment_status":"closed","ping_status":"closed","template":"","meta":{"footnotes":""},"class_list":["post-81","page","type-page","status-publish","has-post-thumbnail","hentry"],"_links":{"self":[{"href":"https:\/\/aikidocanejan.fr\/index.php?rest_route=\/wp\/v2\/pages\/81","targetHints":{"allow":["GET"]}}],"collection":[{"href":"https:\/\/aikidocanejan.fr\/index.php?rest_route=\/wp\/v2\/pages"}],"about":[{"href":"https:\/\/aikidocanejan.fr\/index.php?rest_route=\/wp\/v2\/types\/page"}],"author":[{"embeddable":true,"href":"https:\/\/aikidocanejan.fr\/index.php?rest_route=\/wp\/v2\/users\/2"}],"replies":[{"embeddable":true,"href":"https:\/\/aikidocanejan.fr\/index.php?rest_route=%2Fwp%2Fv2%2Fcomments&post=81"}],"version-history":[{"count":32,"href":"https:\/\/aikidocanejan.fr\/index.php?rest_route=\/wp\/v2\/pages\/81\/revisions"}],"predecessor-version":[{"id":1124,"href":"https:\/\/aikidocanejan.fr\/index.php?rest_route=\/wp\/v2\/pages\/81\/revisions\/1124"}],"wp:featuredmedia":[{"embeddable":true,"href":"https:\/\/aikidocanejan.fr\/index.php?rest_route=\/wp\/v2\/media\/48"}],"wp:attachment":[{"href":"https:\/\/aikidocanejan.fr\/index.php?rest_route=%2Fwp%2Fv2%2Fmedia&parent=81"}],"curies":[{"name":"wp","href":"https:\/\/api.w.org\/{rel}","templated":true}]}}