{"id":23,"date":"2022-10-16T11:09:30","date_gmt":"2022-10-16T11:09:30","guid":{"rendered":"https:\/\/aikidocanejan.fr\/?page_id=23"},"modified":"2026-02-11T21:39:27","modified_gmt":"2026-02-11T21:39:27","slug":"informations-horaires-tarifs-adresse","status":"publish","type":"page","link":"https:\/\/aikidocanejan.fr\/?page_id=23","title":{"rendered":"INFORMATIONS PRATIQUES"},"content":{"rendered":"\n<p><a href=\"#horaires\">Horaires<\/a> \/ <a href=\"#tarifs\">Tarifs<\/a> \/ <a href=\"#inscriptions\">Inscriptions<\/a> \/ <a href=\"#AdetCal\">Adresse et Calendrier<\/a> \/ <a href=\"#formcontact\" data-type=\"internal\" data-id=\"#formcontact\">Contact<\/a><\/p>\n\n\n\n<p class=\"has-accent-2-color has-text-color\"><strong>Les entrainements ont lieu toute l&rsquo;ann\u00e9e m\u00eame durant les p\u00e9riodes de vacances scolaires et vacances d&rsquo;\u00e9t\u00e9.<\/strong><\/p>\n\n\n\n<h2 class=\"wp-block-heading has-larger-font-size\" id=\"horaires\"><span style=\"text-decoration: underline;\">HORAIRES :<\/span><\/h2>\n\n\n\n<h2 class=\"wp-block-heading has-large-font-size\">Mercredi : cours anim\u00e9s par Pierre-Jean CABANEL<\/h2>\n\n\n\n<ul class=\"wp-block-list\">\n<li><strong>17h00-18h00 : cours sp\u00e9cifique ENFANTS<\/strong>, avec possibilit\u00e9 de rester avec les grands jusqu&rsquo;\u00e0 18h30, 19h00 ou 19h30 (au choix)<\/li>\n<\/ul>\n\n\n\n<p>L&rsquo;\u00e2ge mini et maxi pour ce cours est entre 7 ans et 14 ans, mais il peut varier en fonction de la motivation, de la corpulence et de l&rsquo;aisance de l&rsquo;enfant.<br>Si vous \u00eates int\u00e9ress\u00e9(e)s pour votre enfant et avez des questions, vous pouvez venir nous trouver au dojo ou nous contacter \u00e0 l\u2019adresse&nbsp;<a href=\"mailto:contact@aikidocanejan.fr\" target=\"_blank\" rel=\"noreferrer noopener\">contact@aikidocanejan.fr<\/a>, ou utiliser le formulaire de contact au bas de cette page<\/p>\n\n\n\n<ul class=\"wp-block-list\">\n<li><strong>18h00-19h30 : cours \/ entrainement TOUS NIVEAUX<\/strong><\/li>\n<\/ul>\n\n\n\n<h2 class=\"wp-block-heading has-large-font-size\">Vendredi : cours anim\u00e9s par Fran\u00e7ois LACOMBE<\/h2>\n\n\n\n<ul class=\"wp-block-list\">\n<li>18h00-19h00 : pr\u00e9paration \/ armes \/ etc<\/li>\n<\/ul>\n\n\n\n<ul class=\"wp-block-list\">\n<li><strong>19h00-21h00 : cours \/ entrainement tous niveaux<\/strong>&nbsp;\u00e0 partir de 14 ans<\/li>\n<\/ul>\n\n\n\n<ul class=\"wp-block-list\">\n<li>21h00-21h45 : initiation iaido (Emmanuel RUIZ \/ PJ CABANEL)<\/li>\n<\/ul>\n\n\n\n<p><\/p>\n\n\n\n<h2 class=\"wp-block-heading has-larger-font-size\" id=\"tarifs\"><span style=\"text-decoration: underline;\">TARIFS ANNUELS :<\/span><\/h2>\n\n\n\n<p class=\"has-large-font-size\"><mark style=\"background-color:#E9B44C\" class=\"has-inline-color\"><strong>Enfants (7 &#8211; 13 ans) <\/strong>: <strong>78\u20ac<\/strong><\/mark><\/p>\n\n\n\n<p>=&gt; Cotisation club annuelle 50\u20ac + licence f\u00e9d\u00e9rale FFAB 28\u20ac pour les personnes n\u00e9es apr\u00e8s le 30\/06\/2012<\/p>\n\n\n\n<p class=\"has-large-font-size\"><mark style=\"background-color:#E9B44C\" class=\"has-inline-color\"><strong>Jeunes 14-18 ans, Etudiants -25 ans (*), et Demandeurs d&#8217;emploi (*) :<\/strong> <strong>118\u20ac<\/strong><\/mark><\/p>\n\n\n\n<p>=&gt; Cotisation club annuelle 80\u20ac + licence f\u00e9d\u00e9rale FFAB 38\u20ac pour les personnes n\u00e9es entre le 01\/07\/2000 et le 30\/06\/2012<br><em>* Sur justificatifs<\/em><\/p>\n\n\n\n<p class=\"has-large-font-size\"><strong><mark style=\"background-color:#E9B44C\" class=\"has-inline-color\">Adultes +18 ans : 158\u20ac<\/mark><\/strong><\/p>\n\n\n\n<p>=&gt; Cotisation club annuelle 120\u20ac + licence f\u00e9d\u00e9rale FFAB 38\u20ac pour les personnes n\u00e9es avant le 01\/07\/2007<\/p>\n\n\n\n<p><strong><mark style=\"background-color:#E9B44C\" class=\"has-inline-color\">BON A SAVOIR<\/mark><\/strong><\/p>\n\n\n\n<p><strong>PASS&rsquo;SPORT<\/strong> : Le club permet d&rsquo;utiliser le <a href=\"https:\/\/pass.sports.gouv.fr\/\" target=\"_blank\" rel=\"noreferrer noopener\">PASS&rsquo; Sports<\/a> : Le Pass\u2019Sport est&nbsp;<strong>une aide \u00e0 la pratique sportive de 70 euros par enfant&nbsp;<\/strong>pour financer tout ou partie de son inscription dans une structure sportive. Le Pass\u2019Sport s\u2019adresse notamment aux jeunes qui sont n\u00e9s entre le 16 septembre 2007 et le 31 d\u00e9cembre 2019 et b\u00e9n\u00e9ficient de l\u2019allocation de rentr\u00e9e scolaire. Il peut \u00eatre utilis\u00e9 pour toute adh\u00e9sion ou prise de licence, jusqu\u2019au 31 d\u00e9cembre 2025, aupr\u00e8s des associations sportives.<\/p>\n\n\n\n<p><strong>COURS D&rsquo;ESSAIS<\/strong> : Jusqu&rsquo;\u00e0 <strong>1 mois gratuit de cours d&rsquo;essai et de d\u00e9couverte<\/strong> sont \u00e9galement propos\u00e9es toute l&rsquo;ann\u00e9e.<\/p>\n\n\n\n<p><strong>LICENCES<\/strong> : notre club est affili\u00e9 \u00e0 la f\u00e9d\u00e9ration FFAB.<br>Cependant <strong>nous accueillons avec joie les pratiquants et pratiquants titulaires d&rsquo;une licence aupr\u00e8s d&rsquo;une autre f\u00e9d\u00e9ration d&rsquo;A\u00efkido<\/strong><\/p>\n\n\n\n<h2 class=\"wp-block-heading has-larger-font-size\" id=\"inscriptions\">INSCRIPTIONS :<\/h2>\n\n\n\n<p>Pour obtenir et remplir les documents n\u00e9cessaires, vous pouvez :<br>&#8211; soit venir nous rencontrer au dojo ou au forum des associations de Can\u00e9jan.<br>&#8211; soit t\u00e9l\u00e9charger et pr\u00e9remplir les documents vous concernant ici : <br><a href=\"https:\/\/aikidocanejan.fr\/wp-content\/uploads\/2024\/09\/Fiche-inscription_adultes.pdf\" data-type=\"attachment\" data-id=\"707\">FICHE INSCRIPTION ADULTE<\/a><br><a href=\"https:\/\/aikidocanejan.fr\/wp-content\/uploads\/2024\/09\/Fiche-inscription_mineur.pdf\" data-type=\"attachment\" data-id=\"708\">FICHE INSCRIPTION MINEUR<\/a><br><a href=\"https:\/\/aikidocanejan.fr\/wp-content\/uploads\/2024\/09\/Questionnaire_sante_adultes.pdf\" data-type=\"attachment\" data-id=\"709\">QUESTIONNAIRE DE SANTE ADULTE<\/a> (avec attestation de r\u00e9ponse)<br><a href=\"https:\/\/aikidocanejan.fr\/wp-content\/uploads\/2024\/09\/Questionnaire_sante_mineurs.pdf\" data-type=\"attachment\" data-id=\"710\">QUESTIONNAIRE DE SANTE MINEUR<\/a> (avec attestation de r\u00e9ponse)<br><br><strong>EXPLICATIONS <\/strong>:<br><strong>Certificat m\u00e9dical<\/strong> : que vous soyez adulte ou mineur, veuillez consulter le document \u00ab\u00a0<a href=\"https:\/\/aikidocanejan.fr\/wp-content\/uploads\/2024\/09\/MESURES-CERTIFICAT-MEDICAL.pdf\" data-type=\"link\" data-id=\"https:\/\/aikidocanejan.fr\/wp-content\/uploads\/2024\/09\/MESURES-CERTIFICAT-MEDICAL.pdf\">MESURES CERTIFICAT MEDICAL<\/a>\u00a0\u00bb pour savoir si vous devez ou non fournir un certificat pour cette ann\u00e9e. Puis, selon votre situation, utilisez le questionnaire de sant\u00e9 correspondant, et\/ou fournissez un certificat datant de moins de 6 mois.<br>(Nota : vos r\u00e9ponses aux questionnaires sont \u00e0 votre seule discr\u00e9tion. Nous devons juste conserver votre attestation de r\u00e9ponse.)<br><br><strong>Paiement de la cotisation et de la licence f\u00e9d\u00e9rale<\/strong> :<br>Voir les tarifs ici : <a href=\"https:\/\/aikidocanejan.fr\/?page_id=23#tarifs\" data-type=\"page\" data-id=\"23\">TARIFS COTISATION ET LICENCE<\/a><br>Pour le montant de la cotisation nous pouvons accorder des <strong>facilit\u00e9s de paiement<\/strong> (x2 ou x3, nous consulter)<br>Demandez-nous un <strong>re\u00e7u de paiement<\/strong> si besoin.<br><br><strong>=&gt; PASS&rsquo;SPORT<\/strong> = r\u00e9duction de 70\u20ac. N&rsquo;oubliez pas de v\u00e9rifier si vous \u00eates b\u00e9n\u00e9ficiaire du Pass&rsquo;Sport : <a href=\"https:\/\/www.pass.sports.gouv.fr\/\">https:\/\/www.pass.sports.gouv.fr\/<\/a><br><br><strong>Note <\/strong>:<br>L&rsquo;inscription vaut adh\u00e9sion \u00e0 l&rsquo;association A\u00efkido Can\u00e9jan et donc \u00e0 ses statuts que vous trouverez ici : <a href=\"https:\/\/aikidocanejan.fr\/wp-content\/uploads\/2025\/09\/AIKIDO_CANEJAN-Statuts-26-02-2025.pdf\" data-type=\"link\" data-id=\"https:\/\/aikidocanejan.fr\/wp-content\/uploads\/2025\/09\/AIKIDO_CANEJAN-Statuts-26-02-2025.pdf\">STATUS DE L&rsquo;ASSO<\/a><\/p>\n\n\n\n<h2 class=\"wp-block-heading has-larger-font-size\" id=\"AdetCal\"><span style=\"text-decoration: underline;\"><a href=\"#adresse\">ADRESSE ET CALENDRIER :<\/a><\/span><\/h2>\n\n\n\n<p class=\"has-normal-font-size\"><strong>1, avenue de Barricot 33610 CANEJAN<\/strong><\/p>\n\n\n\n<figure class=\"wp-block-gallery has-nested-images columns-default is-cropped wp-block-gallery-1 is-layout-flex wp-block-gallery-is-layout-flex\">\n<figure class=\"wp-block-image size-large\"><img decoding=\"async\" width=\"1024\" height=\"473\" data-id=\"46\" src=\"https:\/\/aikidocanejan.fr\/wp-content\/uploads\/2022\/10\/IMG_20220826_185910-1024x473.jpg\" alt=\"\" class=\"wp-image-46\" srcset=\"https:\/\/aikidocanejan.fr\/wp-content\/uploads\/2022\/10\/IMG_20220826_185910-1024x473.jpg 1024w, https:\/\/aikidocanejan.fr\/wp-content\/uploads\/2022\/10\/IMG_20220826_185910-300x138.jpg 300w, https:\/\/aikidocanejan.fr\/wp-content\/uploads\/2022\/10\/IMG_20220826_185910-768x354.jpg 768w, https:\/\/aikidocanejan.fr\/wp-content\/uploads\/2022\/10\/IMG_20220826_185910-1536x709.jpg 1536w, https:\/\/aikidocanejan.fr\/wp-content\/uploads\/2022\/10\/IMG_20220826_185910-2048x945.jpg 2048w, https:\/\/aikidocanejan.fr\/wp-content\/uploads\/2022\/10\/IMG_20220826_185910-650x300.jpg 650w\" sizes=\"(max-width: 1024px) 100vw, 1024px\" \/><\/figure>\n\n\n\n<figure class=\"wp-block-image size-large\"><img decoding=\"async\" width=\"1024\" height=\"473\" data-id=\"44\" src=\"https:\/\/aikidocanejan.fr\/wp-content\/uploads\/2022\/10\/IMG_20220826_185829-1024x473.jpg\" alt=\"\" class=\"wp-image-44\" srcset=\"https:\/\/aikidocanejan.fr\/wp-content\/uploads\/2022\/10\/IMG_20220826_185829-1024x473.jpg 1024w, https:\/\/aikidocanejan.fr\/wp-content\/uploads\/2022\/10\/IMG_20220826_185829-300x138.jpg 300w, https:\/\/aikidocanejan.fr\/wp-content\/uploads\/2022\/10\/IMG_20220826_185829-768x354.jpg 768w, https:\/\/aikidocanejan.fr\/wp-content\/uploads\/2022\/10\/IMG_20220826_185829-1536x709.jpg 1536w, https:\/\/aikidocanejan.fr\/wp-content\/uploads\/2022\/10\/IMG_20220826_185829-2048x945.jpg 2048w, https:\/\/aikidocanejan.fr\/wp-content\/uploads\/2022\/10\/IMG_20220826_185829-650x300.jpg 650w\" sizes=\"(max-width: 1024px) 100vw, 1024px\" \/><\/figure>\n\n\n\n<figure class=\"wp-block-image size-large\"><img decoding=\"async\" width=\"1024\" height=\"458\" data-id=\"781\" src=\"https:\/\/aikidocanejan.fr\/wp-content\/uploads\/2022\/10\/cropped-IMG_20220826_185724-scaled-1-1024x458.jpg\" alt=\"\" class=\"wp-image-781\" srcset=\"https:\/\/aikidocanejan.fr\/wp-content\/uploads\/2022\/10\/cropped-IMG_20220826_185724-scaled-1-1024x458.jpg 1024w, https:\/\/aikidocanejan.fr\/wp-content\/uploads\/2022\/10\/cropped-IMG_20220826_185724-scaled-1-300x134.jpg 300w, https:\/\/aikidocanejan.fr\/wp-content\/uploads\/2022\/10\/cropped-IMG_20220826_185724-scaled-1-768x344.jpg 768w, https:\/\/aikidocanejan.fr\/wp-content\/uploads\/2022\/10\/cropped-IMG_20220826_185724-scaled-1-1536x687.jpg 1536w, https:\/\/aikidocanejan.fr\/wp-content\/uploads\/2022\/10\/cropped-IMG_20220826_185724-scaled-1-671x300.jpg 671w, https:\/\/aikidocanejan.fr\/wp-content\/uploads\/2022\/10\/cropped-IMG_20220826_185724-scaled-1.jpg 1920w\" sizes=\"(max-width: 1024px) 100vw, 1024px\" \/><\/figure>\n<\/figure>\n\n\n\n<hr class=\"wp-block-separator has-alpha-channel-opacity\"\/>\n\n\n\n<iframe src=\"https:\/\/www.google.com\/maps\/embed?pb=!1m14!1m8!1m3!1d1437.2826733792783!2d-0.6438298668449501!3d44.753205120177256!3m2!1i1024!2i768!4f13.1!3m3!1m2!1s0x0%3A0x54819c74ad7cba27!2sAIKIDO%20CANEJAN!5e0!3m2!1sfr!2sfr!4v1665923483111!5m2!1sfr!2sfr\" width=\"600\" height=\"450\" style=\"border:0;\" allowfullscreen=\"\" loading=\"lazy\" referrerpolicy=\"no-referrer-when-downgrade\"><\/iframe>\n\n\n\n<iframe src=\"https:\/\/calendar.google.com\/calendar\/embed?height=500&amp;wkst=2&amp;bgcolor=%23A79B8E&amp;ctz=Europe%2FParis&amp;showPrint=0&amp;showTabs=1&amp;showCalendars=1&amp;showTz=0&amp;mode=WEEK&amp;src=YWlraWRvY2FuZWphbkBnbWFpbC5jb20&amp;color=%23F4511E\" style=\"border:solid 1px #777\" width=\"800\" height=\"500\" frameborder=\"0\" scrolling=\"no\"><\/iframe>\n\n\n\n<h2 class=\"wp-block-heading has-larger-font-size\" id=\"formcontact\"><span style=\"text-decoration: underline;\">FORMULAIRE DE CONTACT :<\/span><\/h2>\n\n\n\n<p>Vous pouvez nous contacter gr\u00e2ce au formulaire suivant ou avec le courriel : <a rel=\"noreferrer noopener\" href=\"mailto:contact@aikidocanejan.fr\" target=\"_blank\">contact@aikidocanejan.fr<\/a><\/p>\n\n\n<div class=\"wpforms-container wpforms-container-full wpforms-block wpforms-block-17172267-a01a-43e5-833b-e4ade91e90da\" id=\"wpforms-433\"><form id=\"wpforms-form-433\" class=\"wpforms-validate wpforms-form wpforms-ajax-form\" data-formid=\"433\" method=\"post\" enctype=\"multipart\/form-data\" action=\"\/index.php?rest_route=%2Fwp%2Fv2%2Fpages%2F23\" data-token=\"8da69414b2c12b2c83869407131c33f3\" data-token-time=\"1778156256\"><noscript class=\"wpforms-error-noscript\">Veuillez activer JavaScript dans votre navigateur pour remplir ce formulaire.<\/noscript><div class=\"wpforms-field-container\"><div id=\"wpforms-433-field_0-container\" class=\"wpforms-field wpforms-field-name\" data-field-id=\"0\"><label class=\"wpforms-field-label\">Identit\u00e9 <span class=\"wpforms-required-label\">*<\/span><\/label><div class=\"wpforms-field-row wpforms-field-medium\"><div class=\"wpforms-field-row-block wpforms-first wpforms-one-half\"><input type=\"text\" id=\"wpforms-433-field_0\" class=\"wpforms-field-name-first wpforms-field-required\" name=\"wpforms[fields][0][first]\" required><label for=\"wpforms-433-field_0\" class=\"wpforms-field-sublabel after\">Pr\u00e9nom<\/label><\/div><div class=\"wpforms-field-row-block wpforms-one-half\"><input type=\"text\" id=\"wpforms-433-field_0-last\" class=\"wpforms-field-name-last wpforms-field-required\" name=\"wpforms[fields][0][last]\" required><label for=\"wpforms-433-field_0-last\" class=\"wpforms-field-sublabel after\">Nom<\/label><\/div><\/div><\/div><div id=\"wpforms-433-field_1-container\" class=\"wpforms-field wpforms-field-email\" data-field-id=\"1\"><label class=\"wpforms-field-label\" for=\"wpforms-433-field_1\">E-mail <span class=\"wpforms-required-label\">*<\/span><\/label><input type=\"email\" id=\"wpforms-433-field_1\" class=\"wpforms-field-medium wpforms-field-required\" name=\"wpforms[fields][1]\" spellcheck=\"false\" required><\/div><div id=\"wpforms-433-field_2-container\" class=\"wpforms-field wpforms-field-textarea\" data-field-id=\"2\"><label class=\"wpforms-field-label\" for=\"wpforms-433-field_2\">Commentaire ou message<\/label><textarea id=\"wpforms-433-field_2\" class=\"wpforms-field-medium\" name=\"wpforms[fields][2]\" ><\/textarea><\/div><\/div><!-- .wpforms-field-container --><div class=\"wpforms-submit-container\" ><input type=\"hidden\" name=\"wpforms[id]\" value=\"433\"><input type=\"hidden\" name=\"page_title\" value=\"\"><input type=\"hidden\" name=\"page_url\" value=\"https:\/\/aikidocanejan.fr\/index.php?rest_route=\/wp\/v2\/pages\/23\"><input type=\"hidden\" name=\"url_referer\" value=\"\"><button type=\"submit\" name=\"wpforms[submit]\" id=\"wpforms-submit-433\" class=\"wpforms-submit\" data-alt-text=\"Envoi...\" data-submit-text=\"Envoyer\" aria-live=\"assertive\" value=\"wpforms-submit\">Envoyer<\/button><img decoding=\"async\" src=\"https:\/\/aikidocanejan.fr\/wp-content\/plugins\/wpforms-lite\/assets\/images\/submit-spin.svg\" class=\"wpforms-submit-spinner\" style=\"display: none;\" width=\"26\" height=\"26\" alt=\"Chargement en cours\"><\/div><\/form><\/div>  <!-- .wpforms-container -->\n\n\n<p><\/p>\n","protected":false},"excerpt":{"rendered":"<p>Horaires \/ Tarifs \/ Inscriptions \/ Adresse et Calendrier \/ Contact Les entrainements ont lieu toute l&rsquo;ann\u00e9e m\u00eame durant les p\u00e9riodes de vacances scolaires et vacances d&rsquo;\u00e9t\u00e9. HORAIRES : Mercredi : cours anim\u00e9s par Pierre-Jean CABANEL L&rsquo;\u00e2ge mini et maxi &hellip;<\/p>\n","protected":false},"author":2,"featured_media":46,"parent":0,"menu_order":0,"comment_status":"closed","ping_status":"closed","template":"","meta":{"footnotes":""},"class_list":["post-23","page","type-page","status-publish","has-post-thumbnail","hentry"],"_links":{"self":[{"href":"https:\/\/aikidocanejan.fr\/index.php?rest_route=\/wp\/v2\/pages\/23","targetHints":{"allow":["GET"]}}],"collection":[{"href":"https:\/\/aikidocanejan.fr\/index.php?rest_route=\/wp\/v2\/pages"}],"about":[{"href":"https:\/\/aikidocanejan.fr\/index.php?rest_route=\/wp\/v2\/types\/page"}],"author":[{"embeddable":true,"href":"https:\/\/aikidocanejan.fr\/index.php?rest_route=\/wp\/v2\/users\/2"}],"replies":[{"embeddable":true,"href":"https:\/\/aikidocanejan.fr\/index.php?rest_route=%2Fwp%2Fv2%2Fcomments&post=23"}],"version-history":[{"count":90,"href":"https:\/\/aikidocanejan.fr\/index.php?rest_route=\/wp\/v2\/pages\/23\/revisions"}],"predecessor-version":[{"id":1123,"href":"https:\/\/aikidocanejan.fr\/index.php?rest_route=\/wp\/v2\/pages\/23\/revisions\/1123"}],"wp:featuredmedia":[{"embeddable":true,"href":"https:\/\/aikidocanejan.fr\/index.php?rest_route=\/wp\/v2\/media\/46"}],"wp:attachment":[{"href":"https:\/\/aikidocanejan.fr\/index.php?rest_route=%2Fwp%2Fv2%2Fmedia&parent=23"}],"curies":[{"name":"wp","href":"https:\/\/api.w.org\/{rel}","templated":true}]}}