{"id":2,"date":"2022-10-15T19:15:11","date_gmt":"2022-10-15T19:15:11","guid":{"rendered":"https:\/\/aikidocanejan.fr\/?page_id=2"},"modified":"2024-12-23T20:24:22","modified_gmt":"2024-12-23T20:24:22","slug":"sample-page","status":"publish","type":"page","link":"https:\/\/aikidocanejan.fr\/?page_id=2","title":{"rendered":"LES LIENS"},"content":{"rendered":"\n<p><strong><span style=\"text-decoration: underline;\">Les F\u00e9d\u00e9rations :<\/span><\/strong><\/p>\n\n\n\n<p>F\u00e9d\u00e9ration Fran\u00e7aise d&rsquo;A\u00efkido et Budo : <a rel=\"noreferrer noopener\" href=\"https:\/\/www.ffabaikido.fr\/fr\/\" target=\"_blank\">FFAB<\/a><\/p>\n\n\n\n<hr class=\"wp-block-separator has-alpha-channel-opacity\"\/>\n\n\n\n<p><strong><span style=\"text-decoration: underline;\">Les Ligues et les Comit\u00e9s d\u00e9partementaux :<\/span><\/strong><\/p>\n\n\n\n<p>Ligue Nouvelle Aquitaine d&rsquo;Aikido et de Budo : <a href=\"https:\/\/www.aikido-nouvelleaquitaine.fr\/\" target=\"_blank\" rel=\"noreferrer noopener\">LNAAB<\/a><\/p>\n\n\n\n<p>Comit\u00e9 d\u00e9partement d&rsquo;A\u00efkido de Gironde : <a href=\"https:\/\/aikido-gironde.fr\/\" target=\"_blank\" rel=\"noreferrer noopener\">CDA33<\/a><\/p>\n\n\n\n<hr class=\"wp-block-separator has-alpha-channel-opacity\"\/>\n\n\n\n<p><span style=\"text-decoration: underline;\"><strong>Les Clubs<\/strong> :<\/span><\/p>\n\n\n\n<p><a href=\"https:\/\/www.aikidoclubdubaou.com\/\" target=\"_blank\" rel=\"noreferrer noopener\">Club de St\u00e9phane LE DERF<\/a><\/p>\n\n\n\n<p><a href=\"http:\/\/www.boulogneaikidoclub.fr\/\" target=\"_blank\" rel=\"noreferrer noopener\">Club de Brahim SI GUESMI<\/a><\/p>\n\n\n\n<p><a rel=\"noreferrer noopener\" href=\"https:\/\/budoadan.wordpress.com\/\" target=\"_blank\">L&rsquo;ADAN<\/a><\/p>\n\n\n\n<p><a href=\"https:\/\/toulouseaikidoclub.fr\/\" target=\"_blank\" rel=\"noreferrer noopener\">Club de Yann GOFFIN<\/a> \u00e0 Toulouse<\/p>\n\n\n\n<p><a href=\"https:\/\/www.aikido-harmonie.com\/\" target=\"_blank\" rel=\"noreferrer noopener\">A\u00efkido Harmonie<\/a> : le site du stage du Vigan<\/p>\n\n\n\n<hr class=\"wp-block-separator has-alpha-channel-opacity\"\/>\n\n\n\n<p><strong><span style=\"text-decoration: underline;\">Autres :<\/span><\/strong><\/p>\n\n\n\n<p>Le site pour d\u00e9couvrir et profiter des bienfaits du SHIATSU de Christine : <a href=\"https:\/\/www.monequilibreshiatsu.fr\/\" target=\"_blank\" rel=\"noreferrer noopener\">https:\/\/www.monequilibreshiatsu.fr\/<\/a><\/p>\n\n\n\n<p><\/p>\n","protected":false},"excerpt":{"rendered":"<p>Les F\u00e9d\u00e9rations : F\u00e9d\u00e9ration Fran\u00e7aise d&rsquo;A\u00efkido et Budo : FFAB Les Ligues et les Comit\u00e9s d\u00e9partementaux : Ligue Nouvelle Aquitaine d&rsquo;Aikido et de Budo : LNAAB Comit\u00e9 d\u00e9partement d&rsquo;A\u00efkido de Gironde : CDA33 Les Clubs : Club de St\u00e9phane LE &hellip;<\/p>\n","protected":false},"author":2,"featured_media":38,"parent":0,"menu_order":0,"comment_status":"closed","ping_status":"open","template":"","meta":{"footnotes":""},"class_list":["post-2","page","type-page","status-publish","has-post-thumbnail","hentry"],"_links":{"self":[{"href":"https:\/\/aikidocanejan.fr\/index.php?rest_route=\/wp\/v2\/pages\/2","targetHints":{"allow":["GET"]}}],"collection":[{"href":"https:\/\/aikidocanejan.fr\/index.php?rest_route=\/wp\/v2\/pages"}],"about":[{"href":"https:\/\/aikidocanejan.fr\/index.php?rest_route=\/wp\/v2\/types\/page"}],"author":[{"embeddable":true,"href":"https:\/\/aikidocanejan.fr\/index.php?rest_route=\/wp\/v2\/users\/2"}],"replies":[{"embeddable":true,"href":"https:\/\/aikidocanejan.fr\/index.php?rest_route=%2Fwp%2Fv2%2Fcomments&post=2"}],"version-history":[{"count":10,"href":"https:\/\/aikidocanejan.fr\/index.php?rest_route=\/wp\/v2\/pages\/2\/revisions"}],"predecessor-version":[{"id":886,"href":"https:\/\/aikidocanejan.fr\/index.php?rest_route=\/wp\/v2\/pages\/2\/revisions\/886"}],"wp:featuredmedia":[{"embeddable":true,"href":"https:\/\/aikidocanejan.fr\/index.php?rest_route=\/wp\/v2\/media\/38"}],"wp:attachment":[{"href":"https:\/\/aikidocanejan.fr\/index.php?rest_route=%2Fwp%2Fv2%2Fmedia&parent=2"}],"curies":[{"name":"wp","href":"https:\/\/api.w.org\/{rel}","templated":true}]}}