{"id":171,"date":"2022-10-21T15:22:55","date_gmt":"2022-10-21T15:22:55","guid":{"rendered":"https:\/\/aikidocanejan.fr\/?page_id=171"},"modified":"2022-10-24T16:22:50","modified_gmt":"2022-10-24T16:22:50","slug":"laikido","status":"publish","type":"page","link":"https:\/\/aikidocanejan.fr\/?page_id=171","title":{"rendered":"L&rsquo;A\u00cfKIDO"},"content":{"rendered":"\n<h2 class=\"wp-block-heading\">Qu\u2019est-ce que l\u2019A\u00efkido ?<\/h2>\n\n\n\n<p>Art martial japonais non-comp\u00e9titif, issu des techniques de sabre des samoura\u00efs, l\u2019A\u00cfKIDO permet de projeter ou contr\u00f4ler efficacement un ou plusieurs agresseurs. A partir de techniques de saisies, d\u2019attaques \u00e0 main nue, avec un couteau, un sabre ou un b\u00e2ton, le pratiquant d\u00e9veloppe peu \u00e0 peu un syst\u00e8me d\u2019auto-d\u00e9fense li\u00e9 \u00e0 des principes et des attitudes. Progressivement, il apprend \u00e0 avoir une r\u00e9ponse adapt\u00e9e face \u00e0 une attaque simul\u00e9e : d\u2019abord esquiver, puis d\u00e9s\u00e9quilibrer son partenaire et enfin porter une technique pour le faire chuter ou l\u2019immobiliser. La pratique de l\u2019A\u00cfKIDO d\u00e9veloppe ainsi la s\u00e9r\u00e9nit\u00e9 d\u2019esprit face aux situations conflictuelles, un \u00e9quilibre corporel plus harmonieux et surtout une relation \u00e0 l\u2019autre plus juste. Ce savoir \u00eatre permet de r\u00e9soudre les oppositions de mani\u00e8re calme, mesur\u00e9e, et de s\u2019\u00e9panouir dans cette pratique, destin\u00e9e aux hommes et femmes de tous les \u00e2ges.<\/p>\n\n\n<div class=\"wp-block-image\">\n<figure class=\"aligncenter size-full\"><img decoding=\"async\" width=\"519\" height=\"281\" src=\"https:\/\/aikidocanejan.fr\/wp-content\/uploads\/2022\/10\/ueshiba_1-e1433651465661-519x281-1.jpg\" alt=\"\" class=\"wp-image-172\" srcset=\"https:\/\/aikidocanejan.fr\/wp-content\/uploads\/2022\/10\/ueshiba_1-e1433651465661-519x281-1.jpg 519w, https:\/\/aikidocanejan.fr\/wp-content\/uploads\/2022\/10\/ueshiba_1-e1433651465661-519x281-1-300x162.jpg 300w\" sizes=\"(max-width: 519px) 100vw, 519px\" \/><figcaption>Morihei UESHIBA, fondateur de l\u2019a\u00efkido<\/figcaption><\/figure><\/div>","protected":false},"excerpt":{"rendered":"<p>Qu\u2019est-ce que l\u2019A\u00efkido ? Art martial japonais non-comp\u00e9titif, issu des techniques de sabre des samoura\u00efs, l\u2019A\u00cfKIDO permet de projeter ou contr\u00f4ler efficacement un ou plusieurs agresseurs. A partir de techniques de saisies, d\u2019attaques \u00e0 main nue, avec un couteau, un &hellip;<\/p>\n","protected":false},"author":2,"featured_media":250,"parent":0,"menu_order":0,"comment_status":"closed","ping_status":"closed","template":"","meta":{"footnotes":""},"class_list":["post-171","page","type-page","status-publish","has-post-thumbnail","hentry"],"_links":{"self":[{"href":"https:\/\/aikidocanejan.fr\/index.php?rest_route=\/wp\/v2\/pages\/171","targetHints":{"allow":["GET"]}}],"collection":[{"href":"https:\/\/aikidocanejan.fr\/index.php?rest_route=\/wp\/v2\/pages"}],"about":[{"href":"https:\/\/aikidocanejan.fr\/index.php?rest_route=\/wp\/v2\/types\/page"}],"author":[{"embeddable":true,"href":"https:\/\/aikidocanejan.fr\/index.php?rest_route=\/wp\/v2\/users\/2"}],"replies":[{"embeddable":true,"href":"https:\/\/aikidocanejan.fr\/index.php?rest_route=%2Fwp%2Fv2%2Fcomments&post=171"}],"version-history":[{"count":2,"href":"https:\/\/aikidocanejan.fr\/index.php?rest_route=\/wp\/v2\/pages\/171\/revisions"}],"predecessor-version":[{"id":175,"href":"https:\/\/aikidocanejan.fr\/index.php?rest_route=\/wp\/v2\/pages\/171\/revisions\/175"}],"wp:featuredmedia":[{"embeddable":true,"href":"https:\/\/aikidocanejan.fr\/index.php?rest_route=\/wp\/v2\/media\/250"}],"wp:attachment":[{"href":"https:\/\/aikidocanejan.fr\/index.php?rest_route=%2Fwp%2Fv2%2Fmedia&parent=171"}],"curies":[{"name":"wp","href":"https:\/\/api.w.org\/{rel}","templated":true}]}}